{"id":17130,"date":"2021-05-02T19:53:47","date_gmt":"2021-05-02T17:53:47","guid":{"rendered":"https:\/\/www.montserratfp.cat\/contacto\/"},"modified":"2023-11-06T13:15:52","modified_gmt":"2023-11-06T12:15:52","slug":"contacto","status":"publish","type":"page","link":"https:\/\/www.montserratfp.cat\/es\/contacto\/","title":{"rendered":"Contacto"},"content":{"rendered":"\t\t<div data-elementor-type=\"wp-page\" data-elementor-id=\"17130\" class=\"elementor elementor-17130 elementor-1028\" data-elementor-post-type=\"page\">\n\t\t\t\t\t\t<section class=\"has_eae_slider elementor-section elementor-top-section elementor-element elementor-element-db77d88 elementor-section-boxed elementor-section-height-default elementor-section-height-default\" data-eae-slider=\"35146\" data-id=\"db77d88\" data-element_type=\"section\" data-e-type=\"section\">\n\t\t\t\t\t\t<div class=\"elementor-container elementor-column-gap-default\">\n\t\t\t\t\t<div class=\"has_eae_slider elementor-column elementor-col-100 elementor-top-column elementor-element elementor-element-f8171aa\" data-eae-slider=\"17540\" data-id=\"f8171aa\" data-element_type=\"column\" data-e-type=\"column\">\n\t\t\t<div class=\"elementor-widget-wrap elementor-element-populated\">\n\t\t\t\t\t\t<div class=\"elementor-element elementor-element-5c02655 elementor-widget elementor-widget-heading\" data-id=\"5c02655\" data-element_type=\"widget\" data-e-type=\"widget\" data-widget_type=\"heading.default\">\n\t\t\t\t<div class=\"elementor-widget-container\">\n\t\t\t\t\t<h3 class=\"elementor-heading-title elementor-size-default\">Contacto<\/h3>\t\t\t\t<\/div>\n\t\t\t\t<\/div>\n\t\t\t\t\t<\/div>\n\t\t<\/div>\n\t\t\t\t\t<\/div>\n\t\t<\/section>\n\t\t\t\t<section class=\"has_eae_slider elementor-section elementor-top-section elementor-element elementor-element-c4054ef elementor-section-content-top elementor-section-boxed elementor-section-height-default elementor-section-height-default\" data-eae-slider=\"6192\" data-id=\"c4054ef\" data-element_type=\"section\" data-e-type=\"section\">\n\t\t\t\t\t\t<div class=\"elementor-container elementor-column-gap-default\">\n\t\t\t\t\t<div class=\"has_eae_slider elementor-column elementor-col-50 elementor-top-column elementor-element elementor-element-8d82527\" data-eae-slider=\"1587\" data-id=\"8d82527\" data-element_type=\"column\" data-e-type=\"column\">\n\t\t\t<div class=\"elementor-widget-wrap elementor-element-populated\">\n\t\t\t\t\t\t<div class=\"elementor-element elementor-element-8e0aa44 elementor-widget elementor-widget-text-editor\" data-id=\"8e0aa44\" data-element_type=\"widget\" data-e-type=\"widget\" data-widget_type=\"text-editor.default\">\n\t\t\t\t<div class=\"elementor-widget-container\">\n\t\t\t\t\t\t\t\t\t<h4><strong>Escola Montserrat<\/strong><\/h4>\n<p><a href=\"https:\/\/www.google.com\/maps\/place\/Escola+Montserrat+-+Formaci%C3%B3+Professional\/@41.6669248,1.8606941,15z\/data=!4m5!3m4!1s0x12a4f677f13c94f3:0x5b08273109609dac!8m2!3d41.6669248!4d1.8606941\">Enginyer Llans\u00f3, 24<\/a><br \/><a href=\"https:\/\/www.google.com\/maps\/place\/Escola+Montserrat+-+Formaci%C3%B3+Professional\/@41.6669248,1.8606941,15z\/data=!4m5!3m4!1s0x12a4f677f13c94f3:0x5b08273109609dac!8m2!3d41.6669248!4d1.8606941\">08295 St. Vicen\u00e7 de Castellet<\/a><\/p>\n<p><a href=\"tel:+34938331259\">93 833 12 59<\/a><br \/><a href=\"mailto:colmontserrat@xtec.cat\">colmontserrat@xtec.cat<\/a><\/p>\n\t\t\t\t\t\t\t\t<\/div>\n\t\t\t\t<\/div>\n\t\t\t\t<div class=\"elementor-element elementor-element-77e706a elementor-widget elementor-widget-heading\" data-id=\"77e706a\" data-element_type=\"widget\" data-e-type=\"widget\" data-widget_type=\"heading.default\">\n\t\t\t\t<div class=\"elementor-widget-container\">\n\t\t\t\t\t<h4 class=\"elementor-heading-title elementor-size-default\">\u00bfC\u00f3mo llegar?<\/h4>\t\t\t\t<\/div>\n\t\t\t\t<\/div>\n\t\t\t\t<div class=\"elementor-element elementor-element-3fba2c7 elementor-icon-list--layout-traditional elementor-list-item-link-full_width elementor-widget elementor-widget-global elementor-global-17108 elementor-global-15725 elementor-widget-icon-list\" data-id=\"3fba2c7\" data-element_type=\"widget\" data-e-type=\"widget\" data-widget_type=\"icon-list.default\">\n\t\t\t\t<div class=\"elementor-widget-container\">\n\t\t\t\t\t\t\t<ul class=\"elementor-icon-list-items\">\n\t\t\t\t\t\t\t<li class=\"elementor-icon-list-item\">\n\t\t\t\t\t\t\t\t\t\t\t<span class=\"elementor-icon-list-icon\">\n\t\t\t\t\t\t\t<svg xmlns=\"http:\/\/www.w3.org\/2000\/svg\" id=\"Layer_1\" data-name=\"Layer 1\" viewBox=\"0 0 512 512\"><path d=\"M174.87,110.84a48.49,48.49,0,1,1,48.49-48.49A48.54,48.54,0,0,1,174.87,110.84Zm0-84.16a35.68,35.68,0,1,0,35.68,35.67A35.71,35.71,0,0,0,174.87,26.68Z\"><\/path><path d=\"M254.77,498.13a27.79,27.79,0,0,1-26-17.76l0,0L147,317.69l-15,62a6.45,6.45,0,0,1-1.08,2.31L60.38,477.2a6,6,0,0,1-.83.92,27.42,27.42,0,0,1-18.61,7.2,27.88,27.88,0,0,1-25.5-39.38,6.85,6.85,0,0,1,.82-1.35l62.56-79.3a7.11,7.11,0,0,1,.47-.65l.92-1.13,16-107.14,2.35-50.65-9.07,9.08-9.77,60.59a25,25,0,1,1-48.18-13.21l12.14-74.09a6.44,6.44,0,0,1,1.78-3.48l52-52.22a41.62,41.62,0,0,1,35.25-19.65l.7,0L172,117l.45,0a41.47,41.47,0,0,1,26,13.19,6.81,6.81,0,0,1,.78,1.05l7.61,12.81c.12.19.22.39.32.59l39,65.72,50.08,13.94A25,25,0,0,1,292,274.05a25.1,25.1,0,0,1-10.88-2.52L215.2,249.76a6.36,6.36,0,0,1-3.42-2.74l-22.17-36.43-2.91,58.67,94.57,192.25q.19.44.36.9a25.57,25.57,0,0,1,1.13,7.75A28,28,0,0,1,254.77,498.13Zm-13.93-22.05a15.15,15.15,0,0,0,29.1-5.93,13.07,13.07,0,0,0-.42-3.5l-95-193.23a6.42,6.42,0,0,1-.66-3.14l4-81a6.5,6.5,0,0,1,4-5.7,6.39,6.39,0,0,1,6.8,1.25,7.79,7.79,0,0,1,1.12,1.37l31.71,52.12,13.15,4.44,50.92,16.7a5.28,5.28,0,0,1,.91.38A12.21,12.21,0,1,0,294,237c-.26,0-.51-.1-.76-.16l-48.16-13.41a6.5,6.5,0,0,1-3.19,0l-.76-.2a6.33,6.33,0,0,1-4-3.06l-.33-.58-.26-.39-40.6-68.46q-.16-.28-.3-.57l-7-11.7a28.56,28.56,0,0,0-17.33-8.61l-.45,0-38.43-4.25a28.33,28.33,0,0,0-24.31,14.07,6.77,6.77,0,0,1-1,1.27L56,192.19l-11.9,72.64a6.35,6.35,0,0,1-.32,1.21,12.49,12.49,0,0,0-.8,4.36A12.22,12.22,0,0,0,67.17,273l.24-1.69,9.8-60.64a6.48,6.48,0,0,1,1.79-3.5L101.23,185a6.41,6.41,0,0,1,10.93,4.82L109,257.3q0,.31-.06.66L92.63,367.14a6.37,6.37,0,0,1-1.37,3.12l-1.64,2c-.11.16-.22.32-.34.47L26.84,451.86a14.59,14.59,0,0,0-1.07,5.47,15.19,15.19,0,0,0,15.17,15.18,14.65,14.65,0,0,0,9.52-3.45l4.91-6.68,64.5-87,18.77-77.7a6.4,6.4,0,0,1,12-1.37l89.85,178.74A4.75,4.75,0,0,1,240.84,476.08Z\"><\/path><\/svg>\t\t\t\t\t\t<\/span>\n\t\t\t\t\t\t\t\t\t\t<span class=\"elementor-icon-list-text\"><b>A 3 minutos a pie del centro de la poblaci\u00f3n<\/b><\/span>\n\t\t\t\t\t\t\t\t\t<\/li>\n\t\t\t\t\t\t\t\t<li class=\"elementor-icon-list-item\">\n\t\t\t\t\t\t\t\t\t\t\t<span class=\"elementor-icon-list-icon\">\n\t\t\t\t\t\t\t<svg xmlns=\"http:\/\/www.w3.org\/2000\/svg\" id=\"Layer_1\" data-name=\"Layer 1\" viewBox=\"0 0 512 512\"><path d=\"M339.45,399.52A40.93,40.93,0,0,0,351,369.67L340.07,111c-1-24-20-42.72-43.13-42.72H241.25V17.93a7.16,7.16,0,0,0-7.2-7.2H134.82a7.16,7.16,0,0,0-7.21,7.2V68.27H72a43,43,0,0,0-37.27,22A45,45,0,0,0,28.9,111L18,369.77a40.54,40.54,0,0,0,11.53,29.85A44.12,44.12,0,0,0,61,413.11L28.48,488a7.21,7.21,0,0,0,6.59,10.09,7.17,7.17,0,0,0,6.59-4.32l16.57-38.19h238.2L313,493.81a7.17,7.17,0,0,0,6.59,4.32,7.31,7.31,0,0,0,2.88-.61,7.19,7.19,0,0,0,3.71-9.48l-32.53-74.93h14.1A43.89,43.89,0,0,0,339.45,399.52ZM142,25.14h84.82V68.27H142Zm-7.2,57.54H296.94a28.45,28.45,0,0,1,12.15,2.78,30.32,30.32,0,0,1,16.57,26.15v.31l5.56,132.78H144.29l111.79-62a7.19,7.19,0,1,0-7-12.56L114.64,244.81H37.75l5.56-133.2c.61-14.21,10.29-25.74,23-28.41A25.39,25.39,0,0,1,72,82.58l62.79.1ZM32.4,370.39l4.73-111.07H331.94l4.63,111.07a26,26,0,0,1-7.51,19.25,29.64,29.64,0,0,1-21.21,9.06H61.11a29.63,29.63,0,0,1-21.2-9.06A26.1,26.1,0,0,1,32.4,370.39Zm257.85,70.82H64.61l12.15-28.1H278.1Z\"><\/path><path d=\"M106.1,363.08a31.71,31.71,0,1,0-31.81-31.7A31.8,31.8,0,0,0,106.1,363.08Zm0-49.1a17.3,17.3,0,1,1-17.4,17.29A17.41,17.41,0,0,1,106.1,314Z\"><\/path><path d=\"M256.28,363.08a31.71,31.71,0,1,0-31.81-31.7A31.81,31.81,0,0,0,256.28,363.08Zm0-49.1a17.3,17.3,0,1,1-17.39,17.29A17.42,17.42,0,0,1,256.28,314Z\"><\/path><\/svg>\t\t\t\t\t\t<\/span>\n\t\t\t\t\t\t\t\t\t\t<span class=\"elementor-icon-list-text\"><b>A 2 minutos de la estaci\u00f3n de FGC<\/b><br>L\u00edneas R5 y R50<\/span>\n\t\t\t\t\t\t\t\t\t<\/li>\n\t\t\t\t\t\t\t\t<li class=\"elementor-icon-list-item\">\n\t\t\t\t\t\t\t\t\t\t\t<span class=\"elementor-icon-list-icon\">\n\t\t\t\t\t\t\t<svg xmlns=\"http:\/\/www.w3.org\/2000\/svg\" id=\"Layer_1\" data-name=\"Layer 1\" viewBox=\"0 0 512 512\"><path d=\"M339.45,399.52A40.93,40.93,0,0,0,351,369.67L340.07,111c-1-24-20-42.72-43.13-42.72H241.25V17.93a7.16,7.16,0,0,0-7.2-7.2H134.82a7.16,7.16,0,0,0-7.21,7.2V68.27H72a43,43,0,0,0-37.27,22A45,45,0,0,0,28.9,111L18,369.77a40.54,40.54,0,0,0,11.53,29.85A44.12,44.12,0,0,0,61,413.11L28.48,488a7.21,7.21,0,0,0,6.59,10.09,7.17,7.17,0,0,0,6.59-4.32l16.57-38.19h238.2L313,493.81a7.17,7.17,0,0,0,6.59,4.32,7.31,7.31,0,0,0,2.88-.61,7.19,7.19,0,0,0,3.71-9.48l-32.53-74.93h14.1A43.89,43.89,0,0,0,339.45,399.52ZM142,25.14h84.82V68.27H142Zm-7.2,57.54H296.94a28.45,28.45,0,0,1,12.15,2.78,30.32,30.32,0,0,1,16.57,26.15v.31l5.56,132.78H144.29l111.79-62a7.19,7.19,0,1,0-7-12.56L114.64,244.81H37.75l5.56-133.2c.61-14.21,10.29-25.74,23-28.41A25.39,25.39,0,0,1,72,82.58l62.79.1ZM32.4,370.39l4.73-111.07H331.94l4.63,111.07a26,26,0,0,1-7.51,19.25,29.64,29.64,0,0,1-21.21,9.06H61.11a29.63,29.63,0,0,1-21.2-9.06A26.1,26.1,0,0,1,32.4,370.39Zm257.85,70.82H64.61l12.15-28.1H278.1Z\"><\/path><path d=\"M106.1,363.08a31.71,31.71,0,1,0-31.81-31.7A31.8,31.8,0,0,0,106.1,363.08Zm0-49.1a17.3,17.3,0,1,1-17.4,17.29A17.41,17.41,0,0,1,106.1,314Z\"><\/path><path d=\"M256.28,363.08a31.71,31.71,0,1,0-31.81-31.7A31.81,31.81,0,0,0,256.28,363.08Zm0-49.1a17.3,17.3,0,1,1-17.39,17.29A17.42,17.42,0,0,1,256.28,314Z\"><\/path><\/svg>\t\t\t\t\t\t<\/span>\n\t\t\t\t\t\t\t\t\t\t<span class=\"elementor-icon-list-text\"><b>A 5 minutos a pie de la estaci\u00f3n de Renfe<\/b><br>L\u00edneas R4 y Regional<\/span>\n\t\t\t\t\t\t\t\t\t<\/li>\n\t\t\t\t\t\t\t\t<li class=\"elementor-icon-list-item\">\n\t\t\t\t\t\t\t\t\t\t\t<span class=\"elementor-icon-list-icon\">\n\t\t\t\t\t\t\t<svg xmlns=\"http:\/\/www.w3.org\/2000\/svg\" id=\"Layer_1\" data-name=\"Layer 1\" viewBox=\"0 0 512 512\"><path d=\"M314.58,66.08H60.8A37.12,37.12,0,0,0,24.08,102.8V401A12.93,12.93,0,0,0,37,413.91h.64v18.68a20.07,20.07,0,0,0,20,20H110.4a20.06,20.06,0,0,0,20-20V413.91h115.3v18.68a20.07,20.07,0,0,0,20,20h52.82a20.06,20.06,0,0,0,20-20V413.91h.65A12.92,12.92,0,0,0,351.94,401V102.8C351.3,82.83,334.55,66.08,314.58,66.08ZM117.48,432.59a7.15,7.15,0,0,1-7.08,7.08H57.58a7.15,7.15,0,0,1-7.09-7.08V413.91h66.35v18.68Zm206.76,0a7.15,7.15,0,0,1-7.08,7.08H265a7.15,7.15,0,0,1-7.09-7.08V413.91h66.34ZM330.69,401H37.61V102.8A24.2,24.2,0,0,1,61.44,79H314.58a24.2,24.2,0,0,1,23.83,23.83V401Zm-14.82-240.9H59.51a6.08,6.08,0,0,0-6.44,6.44v123A6.09,6.09,0,0,0,59.51,296H315.87a6.09,6.09,0,0,0,6.44-6.45v-123A6.45,6.45,0,0,0,315.87,160.13ZM309.43,283.8H66V173H309.43ZM129.72,339.19l-48.95-9.66a23,23,0,0,0-19.33,5.15,24,24,0,0,0-8.37,18,23.1,23.1,0,0,0,23.19,23.19h49.6a18.69,18.69,0,0,0,18.67-18.68C144.53,348.85,138.09,341.12,129.72,339.19ZM125.86,363H76.26A10.18,10.18,0,0,1,66,352.72a10.4,10.4,0,0,1,3.87-8.38c1.93-1.28,4.51-2.57,6.44-2.57h1.93l49,9.66h0a5.64,5.64,0,0,1,4.51,5.8A5.76,5.76,0,0,1,125.86,363Zm168.75-33.49-49,9.66c-8.37,1.93-14.81,9.66-14.81,18a18.69,18.69,0,0,0,18.68,18.68h49.59a23.09,23.09,0,0,0,23.19-23.19,24,24,0,0,0-8.37-18C308.14,330.17,301.06,328.24,294.61,329.53ZM299.12,363H249.53a5.77,5.77,0,0,1-5.8-5.79,6.18,6.18,0,0,1,4.51-5.8h0l48.95-9.66h1.93a8.26,8.26,0,0,1,6.44,2.57,10.4,10.4,0,0,1,3.87,8.38A10.18,10.18,0,0,1,299.12,363ZM122.63,146H252.1A12.93,12.93,0,0,0,265,133.07V111.82A12.93,12.93,0,0,0,252.1,98.93H122.63a12.93,12.93,0,0,0-12.88,12.89v21.25A12.93,12.93,0,0,0,122.63,146Zm0-34.14H252.1v21.25H122.63Z\"><\/path><\/svg>\t\t\t\t\t\t<\/span>\n\t\t\t\t\t\t\t\t\t\t<span class=\"elementor-icon-list-text\"><b>A 3 minutos a pie del bus interurbano Sagal\u00e9s<\/b><br>L\u00edneas 750, 758, 781, 782, 783 y 784<\/span>\n\t\t\t\t\t\t\t\t\t<\/li>\n\t\t\t\t\t\t<\/ul>\n\t\t\t\t\t\t<\/div>\n\t\t\t\t<\/div>\n\t\t\t\t\t<\/div>\n\t\t<\/div>\n\t\t\t\t<div class=\"has_eae_slider elementor-column elementor-col-50 elementor-top-column elementor-element elementor-element-b9351d6\" data-eae-slider=\"3117\" data-id=\"b9351d6\" data-element_type=\"column\" data-e-type=\"column\" data-settings=\"{&quot;background_background&quot;:&quot;classic&quot;}\">\n\t\t\t<div class=\"elementor-widget-wrap elementor-element-populated\">\n\t\t\t\t\t\t<div class=\"elementor-element elementor-element-72d303f elementor-widget elementor-widget-heading\" data-id=\"72d303f\" data-element_type=\"widget\" data-e-type=\"widget\" data-widget_type=\"heading.default\">\n\t\t\t\t<div class=\"elementor-widget-container\">\n\t\t\t\t\t<h3 class=\"elementor-heading-title elementor-size-default\">Escr\u00edbenos!<\/h3>\t\t\t\t<\/div>\n\t\t\t\t<\/div>\n\t\t\t\t<div class=\"elementor-element elementor-element-352da8e elementor-button-align-stretch elementor-widget elementor-widget-form\" data-id=\"352da8e\" data-element_type=\"widget\" data-e-type=\"widget\" data-settings=\"{&quot;step_next_label&quot;:&quot;Next&quot;,&quot;step_previous_label&quot;:&quot;Previous&quot;,&quot;button_width&quot;:&quot;100&quot;,&quot;step_type&quot;:&quot;number_text&quot;,&quot;step_icon_shape&quot;:&quot;circle&quot;}\" data-widget_type=\"form.default\">\n\t\t\t\t<div class=\"elementor-widget-container\">\n\t\t\t\t\t\t\t<form class=\"elementor-form\" method=\"post\" data-wpl_tracker=\"{&quot;gtag&quot;:true,&quot;gtag_category&quot;:&quot;formulari_contacte&quot;,&quot;gtag_action&quot;:&quot;submit&quot;,&quot;gtag_label&quot;:&quot;contacte&quot;}\" class=\"events-tracker-for-elementor\" name=\"New Form\" aria-label=\"New Form\">\n\t\t\t<input type=\"hidden\" name=\"post_id\" value=\"17130\"\/>\n\t\t\t<input type=\"hidden\" name=\"form_id\" value=\"352da8e\"\/>\n\t\t\t<input type=\"hidden\" name=\"referer_title\" value=\"Contacto\" \/>\n\n\t\t\t\t\t\t\t<input type=\"hidden\" name=\"queried_id\" value=\"17130\"\/>\n\t\t\t\n\t\t\t<div class=\"elementor-form-fields-wrapper elementor-labels-\">\n\t\t\t\t\t\t\t\t<div class=\"elementor-field-type-text elementor-field-group elementor-column elementor-field-group-name elementor-col-100 elementor-field-required\">\n\t\t\t\t\t\t\t\t\t\t\t\t<label for=\"form-field-name\" class=\"elementor-field-label elementor-screen-only\">\n\t\t\t\t\t\t\t\tNombre\t\t\t\t\t\t\t<\/label>\n\t\t\t\t\t\t\t\t\t\t\t\t\t\t<input size=\"1\" type=\"text\" name=\"form_fields[name]\" id=\"form-field-name\" class=\"elementor-field elementor-size-md  elementor-field-textual\" placeholder=\"Nombre\" required=\"required\">\n\t\t\t\t\t\t\t\t\t\t\t<\/div>\n\t\t\t\t\t\t\t\t<div class=\"elementor-field-type-email elementor-field-group elementor-column elementor-field-group-email elementor-col-100 elementor-field-required\">\n\t\t\t\t\t\t\t\t\t\t\t\t<label for=\"form-field-email\" class=\"elementor-field-label elementor-screen-only\">\n\t\t\t\t\t\t\t\tEmail\t\t\t\t\t\t\t<\/label>\n\t\t\t\t\t\t\t\t\t\t\t\t\t\t<input size=\"1\" type=\"email\" name=\"form_fields[email]\" id=\"form-field-email\" class=\"elementor-field elementor-size-md  elementor-field-textual\" placeholder=\"Email\" required=\"required\">\n\t\t\t\t\t\t\t\t\t\t\t<\/div>\n\t\t\t\t\t\t\t\t<div class=\"elementor-field-type-tel elementor-field-group elementor-column elementor-field-group-field_7c5befa elementor-col-100 elementor-field-required\">\n\t\t\t\t\t\t\t\t\t\t\t\t<label for=\"form-field-field_7c5befa\" class=\"elementor-field-label elementor-screen-only\">\n\t\t\t\t\t\t\t\tTel\u00e9fono\t\t\t\t\t\t\t<\/label>\n\t\t\t\t\t\t\t\t<input size=\"1\" type=\"tel\" name=\"form_fields[field_7c5befa]\" id=\"form-field-field_7c5befa\" class=\"elementor-field elementor-size-md  elementor-field-textual\" placeholder=\"Tel\u00e9fono\" required=\"required\" pattern=\"[0-9()#&amp;+*-=.]+\" title=\"Solo se aceptan n\u00fameros y caracteres de tel\u00e9fono (#,-,*,etc).\">\n\n\t\t\t\t\t\t<\/div>\n\t\t\t\t\t\t\t\t<div class=\"elementor-field-type-text elementor-field-group elementor-column elementor-field-group-poble elementor-col-100 elementor-field-required\">\n\t\t\t\t\t\t\t\t\t\t\t\t<label for=\"form-field-poble\" class=\"elementor-field-label elementor-screen-only\">\n\t\t\t\t\t\t\t\tPoblaci\u00f3n\t\t\t\t\t\t\t<\/label>\n\t\t\t\t\t\t\t\t\t\t\t\t\t\t<input size=\"1\" type=\"text\" name=\"form_fields[poble]\" id=\"form-field-poble\" class=\"elementor-field elementor-size-md  elementor-field-textual\" placeholder=\"Poblaci\u00f3n\" required=\"required\">\n\t\t\t\t\t\t\t\t\t\t\t<\/div>\n\t\t\t\t\t\t\t\t<div class=\"elementor-field-type-textarea elementor-field-group elementor-column elementor-field-group-field_3c81ebb elementor-col-100 elementor-field-required\">\n\t\t\t\t\t\t\t\t\t\t\t\t<label for=\"form-field-field_3c81ebb\" class=\"elementor-field-label elementor-screen-only\">\n\t\t\t\t\t\t\t\tMensaje\t\t\t\t\t\t\t<\/label>\n\t\t\t\t\t\t<textarea class=\"elementor-field-textual elementor-field  elementor-size-md\" name=\"form_fields[field_3c81ebb]\" id=\"form-field-field_3c81ebb\" rows=\"10\" placeholder=\"Mensaje\" required=\"required\"><\/textarea>\t\t\t\t<\/div>\n\t\t\t\t\t\t\t\t<div class=\"elementor-field-type-acceptance elementor-field-group elementor-column elementor-field-group-field_1305932 elementor-col-100\">\n\t\t\t\t\t\t\t<div class=\"elementor-field-subgroup\">\n\t\t\t<span class=\"elementor-field-option\">\n\t\t\t\t<input type=\"checkbox\" name=\"form_fields[field_1305932]\" id=\"form-field-field_1305932\" class=\"elementor-field elementor-size-md  elementor-acceptance-field\">\n\t\t\t\t<label for=\"form-field-field_1305932\"><span class=\"text-rgpd\">He le\u00eddo y acepto la <a href=\"#rgpd\">informaci\u00f3n b\u00e1sica sobre protecci\u00f3n de datos<\/a>, as\u00ed como la informaci\u00f3n adicional detallada en la <a href=\"https:\/\/www.montserratfp.cat\/politica-de-privadesa\/\">pol\u00edtica de privacidad<\/a><\/span>.\n\n<\/label>\t\t\t<\/span>\n\t\t<\/div>\n\t\t\t\t\t\t<\/div>\n\t\t\t\t\t\t\t\t<div class=\"elementor-field-type-recaptcha_v3 elementor-field-group elementor-column elementor-field-group-field_b95403c elementor-col-100 recaptcha_v3-bottomright\">\n\t\t\t\t\t<div class=\"elementor-field\" id=\"form-field-field_b95403c\"><div class=\"elementor-g-recaptcha\" data-sitekey=\"6LfxXFkcAAAAABMPfofEhLcXjkfmhNmt-AeaDuZu\" data-type=\"v3\" data-action=\"Form\" data-badge=\"bottomright\" data-size=\"invisible\"><\/div><\/div>\t\t\t\t<\/div>\n\t\t\t\t\t\t\t\t<div class=\"elementor-field-group elementor-column elementor-field-type-submit elementor-col-100 e-form__buttons\">\n\t\t\t\t\t<button class=\"elementor-button elementor-size-sm\" type=\"submit\">\n\t\t\t\t\t\t<span class=\"elementor-button-content-wrapper\">\n\t\t\t\t\t\t\t\t\t\t\t\t\t\t\t\t\t\t\t\t\t\t<span class=\"elementor-button-text\">Enviar<\/span>\n\t\t\t\t\t\t\t\t\t\t\t\t\t<\/span>\n\t\t\t\t\t<\/button>\n\t\t\t\t<\/div>\n\t\t\t<\/div>\n\t\t<\/form>\n\t\t\t\t\t\t<\/div>\n\t\t\t\t<\/div>\n\t\t\t\t\t<\/div>\n\t\t<\/div>\n\t\t\t\t\t<\/div>\n\t\t<\/section>\n\t\t\t\t<section class=\"has_eae_slider elementor-section elementor-top-section elementor-element elementor-element-5d83dbc elementor-section-full_width elementor-section-height-default elementor-section-height-default\" data-eae-slider=\"7070\" data-id=\"5d83dbc\" data-element_type=\"section\" data-e-type=\"section\">\n\t\t\t\t\t\t<div class=\"elementor-container elementor-column-gap-default\">\n\t\t\t\t\t<div class=\"has_eae_slider elementor-column elementor-col-100 elementor-top-column elementor-element elementor-element-b28611b\" data-eae-slider=\"11446\" data-id=\"b28611b\" data-element_type=\"column\" data-e-type=\"column\">\n\t\t\t<div class=\"elementor-widget-wrap elementor-element-populated\">\n\t\t\t\t\t\t<div class=\"elementor-element elementor-element-2add42a elementor-widget elementor-widget-google_maps\" data-id=\"2add42a\" data-element_type=\"widget\" data-e-type=\"widget\" data-widget_type=\"google_maps.default\">\n\t\t\t\t<div class=\"elementor-widget-container\">\n\t\t\t\t\t\t\t<div class=\"elementor-custom-embed\">\n\t\t\t<iframe loading=\"lazy\"\n\t\t\t\t\tsrc=\"https:\/\/www.google.com\/maps\/embed\/v1\/place?key=AIzaSyAGnv5lux4Cn9nfYqEN9UzhguwiNNbfRb8&#038;q=Escola%20Montserrat%2C%20Sant%20Vicen%C3%A7%20de%20Castellet&#038;zoom=13\"\n\t\t\t\t\ttitle=\"Escola Montserrat, Sant Vicen\u00e7 de Castellet\"\n\t\t\t\t\taria-label=\"Escola Montserrat, Sant Vicen\u00e7 de Castellet\"\n\t\t\t><\/iframe>\n\t\t<\/div>\n\t\t\t\t\t\t<\/div>\n\t\t\t\t<\/div>\n\t\t\t\t\t<\/div>\n\t\t<\/div>\n\t\t\t\t\t<\/div>\n\t\t<\/section>\n\t\t\t\t<\/div>\n\t\t","protected":false},"excerpt":{"rendered":"<p>Contacto Escola Montserrat Enginyer Llans\u00f3, 2408295 St. Vicen\u00e7 de Castellet 93 833 12 59colmontserrat@xtec.cat \u00bfC\u00f3mo llegar? A 3 minuts a peu del centre de la poblaci\u00f3 A 2 minuts de l&#8217;estaci\u00f3 de FGCLinies R5 i R50 A 5 minuts a peu de l&#8217;estaci\u00f3 de RenfeLinies R4 i Regional A 3 minuts a peu del bus [&hellip;]<\/p>\n","protected":false},"author":1,"featured_media":0,"parent":0,"menu_order":0,"comment_status":"closed","ping_status":"closed","template":"elementor_header_footer","meta":{"_acf_changed":false,"_seopress_robots_primary_cat":"","_seopress_titles_title":"","_seopress_titles_desc":"","_seopress_robots_index":"","inline_featured_image":false,"footnotes":""},"class_list":["post-17130","page","type-page","status-publish","hentry"],"acf":[],"_links":{"self":[{"href":"https:\/\/www.montserratfp.cat\/es\/wp-json\/wp\/v2\/pages\/17130","targetHints":{"allow":["GET"]}}],"collection":[{"href":"https:\/\/www.montserratfp.cat\/es\/wp-json\/wp\/v2\/pages"}],"about":[{"href":"https:\/\/www.montserratfp.cat\/es\/wp-json\/wp\/v2\/types\/page"}],"author":[{"embeddable":true,"href":"https:\/\/www.montserratfp.cat\/es\/wp-json\/wp\/v2\/users\/1"}],"replies":[{"embeddable":true,"href":"https:\/\/www.montserratfp.cat\/es\/wp-json\/wp\/v2\/comments?post=17130"}],"version-history":[{"count":0,"href":"https:\/\/www.montserratfp.cat\/es\/wp-json\/wp\/v2\/pages\/17130\/revisions"}],"wp:attachment":[{"href":"https:\/\/www.montserratfp.cat\/es\/wp-json\/wp\/v2\/media?parent=17130"}],"curies":[{"name":"wp","href":"https:\/\/api.w.org\/{rel}","templated":true}]}}