{"id":17128,"date":"2021-03-14T21:02:11","date_gmt":"2021-03-14T20:02:11","guid":{"rendered":"https:\/\/www.montserratfp.cat\/embajador-montserrat\/"},"modified":"2023-11-06T13:14:58","modified_gmt":"2023-11-06T12:14:58","slug":"embajador-montserrat","status":"publish","type":"page","link":"https:\/\/www.montserratfp.cat\/es\/embajador-montserrat\/","title":{"rendered":"Embajador Montserrat"},"content":{"rendered":"\t\t<div data-elementor-type=\"wp-page\" data-elementor-id=\"17128\" class=\"elementor elementor-17128 elementor-848\" data-elementor-post-type=\"page\">\n\t\t\t\t\t\t<section class=\"has_eae_slider elementor-section elementor-top-section elementor-element elementor-element-08ff679 elementor-section-content-top elementor-section-height-min-height elementor-section-boxed elementor-section-height-default elementor-section-items-middle\" data-eae-slider=\"36865\" data-id=\"08ff679\" data-element_type=\"section\" data-e-type=\"section\" id=\"provans\" data-settings=\"{&quot;background_background&quot;:&quot;classic&quot;}\">\n\t\t\t\t\t\t<div class=\"elementor-container elementor-column-gap-default\">\n\t\t\t\t\t<div class=\"has_eae_slider elementor-column elementor-col-100 elementor-top-column elementor-element elementor-element-2f3e60f\" data-eae-slider=\"3936\" data-id=\"2f3e60f\" data-element_type=\"column\" data-e-type=\"column\">\n\t\t\t<div class=\"elementor-widget-wrap elementor-element-populated\">\n\t\t\t\t\t\t<div class=\"elementor-element elementor-element-52c5cc4 elementor-widget elementor-widget-heading\" data-id=\"52c5cc4\" data-element_type=\"widget\" data-e-type=\"widget\" data-widget_type=\"heading.default\">\n\t\t\t\t<div class=\"elementor-widget-container\">\n\t\t\t\t\t<h2 class=\"elementor-heading-title elementor-size-default\">Embajador Montserrat<\/h2>\t\t\t\t<\/div>\n\t\t\t\t<\/div>\n\t\t\t\t\t<\/div>\n\t\t<\/div>\n\t\t\t\t\t<\/div>\n\t\t<\/section>\n\t\t\t\t<section class=\"has_eae_slider elementor-section elementor-top-section elementor-element elementor-element-e153a66 elementor-section-boxed elementor-section-height-default elementor-section-height-default\" data-eae-slider=\"81458\" data-id=\"e153a66\" data-element_type=\"section\" data-e-type=\"section\">\n\t\t\t\t\t\t<div class=\"elementor-container elementor-column-gap-default\">\n\t\t\t\t\t<div class=\"has_eae_slider elementor-column elementor-col-100 elementor-top-column elementor-element elementor-element-92a7e59\" data-eae-slider=\"96626\" data-id=\"92a7e59\" data-element_type=\"column\" data-e-type=\"column\">\n\t\t\t<div class=\"elementor-widget-wrap elementor-element-populated\">\n\t\t\t\t\t\t<div class=\"elementor-element elementor-element-91a429c elementor-widget elementor-widget-text-editor\" data-id=\"91a429c\" data-element_type=\"widget\" data-e-type=\"widget\" data-widget_type=\"text-editor.default\">\n\t\t\t\t<div class=\"elementor-widget-container\">\n\t\t\t\t\t\t\t\t\t<p>La Formaci\u00f3n Profesional se ha convertido en una pieza importante para el tejido empresarial y en Escola Montserrat, siempre inquietos y con esp\u00edritu transformador, hemos creado una figura que llamamos \u201cEmbajador FP\u201d para ayudar en estos cambios. Requisitos para ser embajador de la Escola Montserrat FP: ser aut\u00f3nomo, pime, empresa, administraci\u00f3n p\u00fablica o asociaci\u00f3n que nos ayude a conseguir que nuestros alumnos salgan preparados para afrontar los retos que el mercado laboral plantea, que en definitiva son los vuestros. <\/p>\n\t\t\t\t\t\t\t\t<\/div>\n\t\t\t\t<\/div>\n\t\t\t\t<div class=\"elementor-element elementor-element-82f865d elementor-widget elementor-widget-text-editor\" data-id=\"82f865d\" data-element_type=\"widget\" data-e-type=\"widget\" data-widget_type=\"text-editor.default\">\n\t\t\t\t<div class=\"elementor-widget-container\">\n\t\t\t\t\t\t\t\t\t<p><strong>A cambio de vuestra colaboraci\u00f3n contar\u00e9is, desde el minuto 1, con estas ventajas:<\/strong><\/p>\n<ul>\n<li>Opci\u00f3n preferente en nuestra bolsa de trabajo, para dar salida a vuestras necesidades m\u00e1s inmediatas.<\/li>\n<li>Podr\u00e9is participar de manera directa en las practicas en empresas, que desarrollan todos los alumnos de la escuela.<\/li>\n<li>Empresa prioritaria en la selecci\u00f3n de nuestros alumnos DUAL.<\/li>\n<li>Haremos difusi\u00f3n de vuestra empresa y vuestros servicios en la \u201cWELCOME TV\u201d que est\u00e1 instalada en la recepci\u00f3n de nuestra escuela.<\/li>\n<li>Alojaremos un enlace en nuestra web corporativa de vuestra informaci\u00f3n, para dar la m\u00e1xima difusi\u00f3n de vuestros productos o servicios.<\/li>\n<li>Colaborareis en el programa de emprendimiento que tenemos dise\u00f1ado a medida por nuestros alumnos, para que mejores en la comunicaci\u00f3n oral, trabajo en equipo, organizaci\u00f3n, creatividad y trabajo por proyectos.<\/li>\n<\/ul>\n\t\t\t\t\t\t\t\t<\/div>\n\t\t\t\t<\/div>\n\t\t\t\t\t<\/div>\n\t\t<\/div>\n\t\t\t\t\t<\/div>\n\t\t<\/section>\n\t\t\t\t<section class=\"has_eae_slider elementor-section elementor-top-section elementor-element elementor-element-2d19f86 elementor-section-content-top elementor-section-boxed elementor-section-height-default elementor-section-height-default\" data-eae-slider=\"12625\" data-id=\"2d19f86\" data-element_type=\"section\" data-e-type=\"section\" data-settings=\"{&quot;background_background&quot;:&quot;classic&quot;}\">\n\t\t\t\t\t\t<div class=\"elementor-container elementor-column-gap-default\">\n\t\t\t\t\t<div class=\"has_eae_slider elementor-column elementor-col-100 elementor-top-column elementor-element elementor-element-39be542\" data-eae-slider=\"36037\" data-id=\"39be542\" data-element_type=\"column\" data-e-type=\"column\">\n\t\t\t<div class=\"elementor-widget-wrap elementor-element-populated\">\n\t\t\t\t\t\t<div class=\"elementor-element elementor-element-c24961a elementor-widget elementor-widget-heading\" data-id=\"c24961a\" data-element_type=\"widget\" data-e-type=\"widget\" data-widget_type=\"heading.default\">\n\t\t\t\t<div class=\"elementor-widget-container\">\n\t\t\t\t\t<h4 class=\"elementor-heading-title elementor-size-default\">\u00bfQuieres convertirte en embajador de nuestra Escuela?<\/h4>\t\t\t\t<\/div>\n\t\t\t\t<\/div>\n\t\t\t\t<div class=\"elementor-element elementor-element-fede440 elementor-widget elementor-widget-text-editor\" data-id=\"fede440\" data-element_type=\"widget\" data-e-type=\"widget\" data-widget_type=\"text-editor.default\">\n\t\t\t\t<div class=\"elementor-widget-container\">\n\t\t\t\t\t\t\t\t\t<p>Rellena el siguiente formulario<\/p>\n\t\t\t\t\t\t\t\t<\/div>\n\t\t\t\t<\/div>\n\t\t\t\t<div class=\"elementor-element elementor-element-da88360 elementor-button-align-start elementor-widget elementor-widget-form\" data-id=\"da88360\" data-element_type=\"widget\" data-e-type=\"widget\" data-settings=\"{&quot;step_next_label&quot;:&quot;Next&quot;,&quot;step_previous_label&quot;:&quot;Previous&quot;,&quot;button_width&quot;:&quot;100&quot;,&quot;step_type&quot;:&quot;number_text&quot;,&quot;step_icon_shape&quot;:&quot;circle&quot;}\" data-widget_type=\"form.default\">\n\t\t\t\t<div class=\"elementor-widget-container\">\n\t\t\t\t\t\t\t<form class=\"elementor-form\" method=\"post\" data-wpl_tracker=\"{&quot;gtag&quot;:true,&quot;gtag_category&quot;:&quot;formulari_ambaixador&quot;,&quot;gtag_action&quot;:&quot;submit&quot;,&quot;gtag_label&quot;:&quot;ambaixador&quot;}\" class=\"events-tracker-for-elementor\" name=\"New Form\" aria-label=\"New Form\">\n\t\t\t<input type=\"hidden\" name=\"post_id\" value=\"17128\"\/>\n\t\t\t<input type=\"hidden\" name=\"form_id\" value=\"da88360\"\/>\n\t\t\t<input type=\"hidden\" name=\"referer_title\" value=\"\" \/>\n\n\t\t\t\n\t\t\t<div class=\"elementor-form-fields-wrapper elementor-labels-\">\n\t\t\t\t\t\t\t\t<div class=\"elementor-field-type-text elementor-field-group elementor-column elementor-field-group-name elementor-col-50 elementor-field-required\">\n\t\t\t\t\t\t\t\t\t\t\t\t<label for=\"form-field-name\" class=\"elementor-field-label elementor-screen-only\">\n\t\t\t\t\t\t\t\tNombre\t\t\t\t\t\t\t<\/label>\n\t\t\t\t\t\t\t\t\t\t\t\t\t\t<input size=\"1\" type=\"text\" name=\"form_fields[name]\" id=\"form-field-name\" class=\"elementor-field elementor-size-md  elementor-field-textual\" placeholder=\"Nombre\" required=\"required\">\n\t\t\t\t\t\t\t\t\t\t\t<\/div>\n\t\t\t\t\t\t\t\t<div class=\"elementor-field-type-email elementor-field-group elementor-column elementor-field-group-email elementor-col-50 elementor-field-required\">\n\t\t\t\t\t\t\t\t\t\t\t\t<label for=\"form-field-email\" class=\"elementor-field-label elementor-screen-only\">\n\t\t\t\t\t\t\t\tEmail\t\t\t\t\t\t\t<\/label>\n\t\t\t\t\t\t\t\t\t\t\t\t\t\t<input size=\"1\" type=\"email\" name=\"form_fields[email]\" id=\"form-field-email\" class=\"elementor-field elementor-size-md  elementor-field-textual\" placeholder=\"Email\" required=\"required\">\n\t\t\t\t\t\t\t\t\t\t\t<\/div>\n\t\t\t\t\t\t\t\t<div class=\"elementor-field-type-tel elementor-field-group elementor-column elementor-field-group-field_7c5befa elementor-col-50 elementor-field-required\">\n\t\t\t\t\t\t\t\t\t\t\t\t<label for=\"form-field-field_7c5befa\" class=\"elementor-field-label elementor-screen-only\">\n\t\t\t\t\t\t\t\tTel\u00e9fono\t\t\t\t\t\t\t<\/label>\n\t\t\t\t\t\t\t\t<input size=\"1\" type=\"tel\" name=\"form_fields[field_7c5befa]\" id=\"form-field-field_7c5befa\" class=\"elementor-field elementor-size-md  elementor-field-textual\" placeholder=\"Tel\u00e9fono\" required=\"required\" pattern=\"[0-9()#&amp;+*-=.]+\" title=\"Solo se aceptan n\u00fameros y caracteres de tel\u00e9fono (#,-,*,etc).\">\n\n\t\t\t\t\t\t<\/div>\n\t\t\t\t\t\t\t\t<div class=\"elementor-field-type-text elementor-field-group elementor-column elementor-field-group-poble elementor-col-50 elementor-field-required\">\n\t\t\t\t\t\t\t\t\t\t\t\t<label for=\"form-field-poble\" class=\"elementor-field-label elementor-screen-only\">\n\t\t\t\t\t\t\t\tPoblaci\u00f3n\t\t\t\t\t\t\t<\/label>\n\t\t\t\t\t\t\t\t\t\t\t\t\t\t<input size=\"1\" type=\"text\" name=\"form_fields[poble]\" id=\"form-field-poble\" class=\"elementor-field elementor-size-md  elementor-field-textual\" placeholder=\"Poblaci\u00f3n\" required=\"required\">\n\t\t\t\t\t\t\t\t\t\t\t<\/div>\n\t\t\t\t\t\t\t\t<div class=\"elementor-field-type-text elementor-field-group elementor-column elementor-field-group-field_5cdf4e1 elementor-col-100 elementor-field-required\">\n\t\t\t\t\t\t\t\t\t\t\t\t<label for=\"form-field-field_5cdf4e1\" class=\"elementor-field-label elementor-screen-only\">\n\t\t\t\t\t\t\t\tEmpresa\t\t\t\t\t\t\t<\/label>\n\t\t\t\t\t\t\t\t\t\t\t\t\t\t<input size=\"1\" type=\"text\" name=\"form_fields[field_5cdf4e1]\" id=\"form-field-field_5cdf4e1\" class=\"elementor-field elementor-size-md  elementor-field-textual\" placeholder=\"Empresa\" required=\"required\">\n\t\t\t\t\t\t\t\t\t\t\t<\/div>\n\t\t\t\t\t\t\t\t<div class=\"elementor-field-type-textarea elementor-field-group elementor-column elementor-field-group-field_3c81ebb elementor-col-100 elementor-field-required\">\n\t\t\t\t\t\t\t\t\t\t\t\t<label for=\"form-field-field_3c81ebb\" class=\"elementor-field-label elementor-screen-only\">\n\t\t\t\t\t\t\t\tObservaciones\t\t\t\t\t\t\t<\/label>\n\t\t\t\t\t\t<textarea class=\"elementor-field-textual elementor-field  elementor-size-md\" name=\"form_fields[field_3c81ebb]\" id=\"form-field-field_3c81ebb\" rows=\"5\" placeholder=\"Observaciones\" required=\"required\"><\/textarea>\t\t\t\t<\/div>\n\t\t\t\t\t\t\t\t<div class=\"elementor-field-type-acceptance elementor-field-group elementor-column elementor-field-group-field_1305932 elementor-col-100\">\n\t\t\t\t\t\t\t<div class=\"elementor-field-subgroup\">\n\t\t\t<span class=\"elementor-field-option\">\n\t\t\t\t<input type=\"checkbox\" name=\"form_fields[field_1305932]\" id=\"form-field-field_1305932\" class=\"elementor-field elementor-size-md  elementor-acceptance-field\">\n\t\t\t\t<label for=\"form-field-field_1305932\"><span class=\"text-rgpd\">He le\u00eddo y acepto la <a href=\"#rgpd\">informaci\u00f3n b\u00e1sica sobre protecci\u00f3n de datos<\/a>, as\u00ed como la informaci\u00f3n adicional detallada en la <a href=\"https:\/\/www.montserratfp.cat\/politica-de-privadesa\/\">pol\u00edtica de privacidad<\/a><\/span>.\n<\/label>\t\t\t<\/span>\n\t\t<\/div>\n\t\t\t\t\t\t<\/div>\n\t\t\t\t\t\t\t\t<div class=\"elementor-field-type-recaptcha_v3 elementor-field-group elementor-column elementor-field-group-field_cdfa7dd elementor-col-100 recaptcha_v3-bottomright\">\n\t\t\t\t\t<div class=\"elementor-field\" id=\"form-field-field_cdfa7dd\"><div class=\"elementor-g-recaptcha\" data-sitekey=\"6LfxXFkcAAAAABMPfofEhLcXjkfmhNmt-AeaDuZu\" data-type=\"v3\" data-action=\"Form\" data-badge=\"bottomright\" data-size=\"invisible\"><\/div><\/div>\t\t\t\t<\/div>\n\t\t\t\t\t\t\t\t<div class=\"elementor-field-group elementor-column elementor-field-type-submit elementor-col-100 e-form__buttons\">\n\t\t\t\t\t<button class=\"elementor-button elementor-size-sm\" type=\"submit\">\n\t\t\t\t\t\t<span class=\"elementor-button-content-wrapper\">\n\t\t\t\t\t\t\t\t\t\t\t\t\t\t\t\t\t\t\t\t\t\t<span class=\"elementor-button-text\">Enviar<\/span>\n\t\t\t\t\t\t\t\t\t\t\t\t\t<\/span>\n\t\t\t\t\t<\/button>\n\t\t\t\t<\/div>\n\t\t\t<\/div>\n\t\t<\/form>\n\t\t\t\t\t\t<\/div>\n\t\t\t\t<\/div>\n\t\t\t\t\t<\/div>\n\t\t<\/div>\n\t\t\t\t\t<\/div>\n\t\t<\/section>\n\t\t\t\t<\/div>\n\t\t","protected":false},"excerpt":{"rendered":"<p>Embajador Montserrat La Formaci\u00f3n Profesional se ha convertido en una pieza importante para el tejido empresarial y en Escola Montserrat, siempre inquietos y con esp\u00edritu transformador, hemos creado una figura que llamamos \u201cEmbajador FP\u201d para ayudar en estos cambios. Requisitos para ser embajador de la Escola Montserrat FP: ser aut\u00f3nomo, pime, empresa, administraci\u00f3n p\u00fablica o [&hellip;]<\/p>\n","protected":false},"author":1,"featured_media":0,"parent":0,"menu_order":0,"comment_status":"closed","ping_status":"closed","template":"elementor_header_footer","meta":{"_acf_changed":false,"_seopress_robots_primary_cat":"","_seopress_titles_title":"","_seopress_titles_desc":"","_seopress_robots_index":"","inline_featured_image":false,"footnotes":""},"class_list":["post-17128","page","type-page","status-publish","hentry"],"acf":[],"_links":{"self":[{"href":"https:\/\/www.montserratfp.cat\/es\/wp-json\/wp\/v2\/pages\/17128","targetHints":{"allow":["GET"]}}],"collection":[{"href":"https:\/\/www.montserratfp.cat\/es\/wp-json\/wp\/v2\/pages"}],"about":[{"href":"https:\/\/www.montserratfp.cat\/es\/wp-json\/wp\/v2\/types\/page"}],"author":[{"embeddable":true,"href":"https:\/\/www.montserratfp.cat\/es\/wp-json\/wp\/v2\/users\/1"}],"replies":[{"embeddable":true,"href":"https:\/\/www.montserratfp.cat\/es\/wp-json\/wp\/v2\/comments?post=17128"}],"version-history":[{"count":0,"href":"https:\/\/www.montserratfp.cat\/es\/wp-json\/wp\/v2\/pages\/17128\/revisions"}],"wp:attachment":[{"href":"https:\/\/www.montserratfp.cat\/es\/wp-json\/wp\/v2\/media?parent=17128"}],"curies":[{"name":"wp","href":"https:\/\/api.w.org\/{rel}","templated":true}]}}